{"id":862,"date":"2023-07-29T18:13:03","date_gmt":"2023-07-29T16:13:03","guid":{"rendered":"https:\/\/legowiskakoral.pl\/?page_id=862"},"modified":"2023-09-27T19:06:29","modified_gmt":"2023-09-27T17:06:29","slug":"ponton","status":"publish","type":"page","link":"https:\/\/legowiskakoral.pl\/index.php\/ponton\/","title":{"rendered":"Ponton"},"content":{"rendered":"\t\t<div data-elementor-type=\"wp-page\" data-elementor-id=\"862\" class=\"elementor elementor-862\">\n\t\t\t\t\t\t\t\t\t<section class=\"elementor-section elementor-top-section elementor-element elementor-element-e600804 elementor-section-boxed elementor-section-height-default elementor-section-height-default\" data-id=\"e600804\" data-element_type=\"section\">\n\t\t\t\t\t\t<div class=\"elementor-container elementor-column-gap-default\">\n\t\t\t\t\t<div class=\"elementor-column elementor-col-100 elementor-top-column elementor-element elementor-element-3c3c68f\" data-id=\"3c3c68f\" data-element_type=\"column\">\n\t\t\t<div class=\"elementor-widget-wrap elementor-element-populated\">\n\t\t\t\t\t\t\t\t<div class=\"elementor-element elementor-element-8155b8b elementor-align-left elementor-widget elementor-widget-button\" data-id=\"8155b8b\" data-element_type=\"widget\" data-widget_type=\"button.default\">\n\t\t\t\t<div class=\"elementor-widget-container\">\n\t\t\t\t\t<div class=\"elementor-button-wrapper\">\n\t\t\t<a class=\"elementor-button elementor-button-link elementor-size-sm elementor-animation-grow\" href=\"https:\/\/legowiskakoral.pl\/index.php\/oferta\/\">\n\t\t\t\t\t\t<span class=\"elementor-button-content-wrapper\">\n\t\t\t\t\t\t<span class=\"elementor-button-icon elementor-align-icon-left\">\n\t\t\t\t<i aria-hidden=\"true\" class=\"fas fa-angle-left\"><\/i>\t\t\t<\/span>\n\t\t\t\t\t\t<span class=\"elementor-button-text\">Wstecz<\/span>\n\t\t<\/span>\n\t\t\t\t\t<\/a>\n\t\t<\/div>\n\t\t\t\t<\/div>\n\t\t\t\t<\/div>\n\t\t\t\t\t<\/div>\n\t\t<\/div>\n\t\t\t\t\t\t\t<\/div>\n\t\t<\/section>\n\t\t\t\t<section class=\"elementor-section elementor-top-section elementor-element elementor-element-fb68909 elementor-section-boxed elementor-section-height-default elementor-section-height-default\" data-id=\"fb68909\" data-element_type=\"section\">\n\t\t\t\t\t\t<div class=\"elementor-container elementor-column-gap-default\">\n\t\t\t\t\t<div class=\"elementor-column elementor-col-100 elementor-top-column elementor-element elementor-element-dca6892\" data-id=\"dca6892\" data-element_type=\"column\">\n\t\t\t<div class=\"elementor-widget-wrap elementor-element-populated\">\n\t\t\t\t\t\t\t\t<div class=\"elementor-element elementor-element-510314e elementor-widget elementor-widget-image\" data-id=\"510314e\" data-element_type=\"widget\" data-widget_type=\"image.default\">\n\t\t\t\t<div class=\"elementor-widget-container\">\n\t\t\t<style>\/*! elementor - v3.18.0 - 20-12-2023 *\/\n.elementor-widget-image{text-align:center}.elementor-widget-image a{display:inline-block}.elementor-widget-image a img[src$=\".svg\"]{width:48px}.elementor-widget-image img{vertical-align:middle;display:inline-block}<\/style>\t\t\t\t\t\t\t\t\t<figure class=\"wp-caption\">\n\t\t\t\t\t\t\t\t\t\t\t<a href=\"https:\/\/legowiskakoral.pl\/wp-content\/uploads\/2023\/07\/legowisko-10.png\" data-elementor-open-lightbox=\"yes\" data-elementor-lightbox-title=\"Legowisko Ponton\" data-e-action-hash=\"#elementor-action%3Aaction%3Dlightbox%26settings%3DeyJpZCI6NzgyLCJ1cmwiOiJodHRwczpcL1wvbGVnb3dpc2tha29yYWwucGxcL3dwLWNvbnRlbnRcL3VwbG9hZHNcLzIwMjNcLzA3XC9sZWdvd2lza28tMTAucG5nIn0%3D\">\n\t\t\t\t\t\t\t<img fetchpriority=\"high\" decoding=\"async\" width=\"510\" height=\"489\" src=\"https:\/\/legowiskakoral.pl\/wp-content\/uploads\/2023\/07\/legowisko-10.png\" class=\"elementor-animation-wobble-vertical attachment-large size-large wp-image-782\" alt=\"Legowisko Ponton\" srcset=\"https:\/\/legowiskakoral.pl\/wp-content\/uploads\/2023\/07\/legowisko-10.png 510w, https:\/\/legowiskakoral.pl\/wp-content\/uploads\/2023\/07\/legowisko-10-300x288.png 300w\" sizes=\"(max-width: 510px) 100vw, 510px\" \/>\t\t\t\t\t\t\t\t<\/a>\n\t\t\t\t\t\t\t\t\t\t\t<figcaption class=\"widget-image-caption wp-caption-text\"><\/figcaption>\n\t\t\t\t\t\t\t\t\t\t<\/figure>\n\t\t\t\t\t\t\t\t\t<\/div>\n\t\t\t\t<\/div>\n\t\t\t\t<div class=\"elementor-element elementor-element-b9e5706 elementor-widget elementor-widget-image-box\" data-id=\"b9e5706\" data-element_type=\"widget\" data-widget_type=\"image-box.default\">\n\t\t\t\t<div class=\"elementor-widget-container\">\n\t\t\t<style>\/*! elementor - v3.18.0 - 20-12-2023 *\/\n.elementor-widget-image-box .elementor-image-box-content{width:100%}@media (min-width:768px){.elementor-widget-image-box.elementor-position-left .elementor-image-box-wrapper,.elementor-widget-image-box.elementor-position-right .elementor-image-box-wrapper{display:flex}.elementor-widget-image-box.elementor-position-right .elementor-image-box-wrapper{text-align:right;flex-direction:row-reverse}.elementor-widget-image-box.elementor-position-left .elementor-image-box-wrapper{text-align:left;flex-direction:row}.elementor-widget-image-box.elementor-position-top .elementor-image-box-img{margin:auto}.elementor-widget-image-box.elementor-vertical-align-top .elementor-image-box-wrapper{align-items:flex-start}.elementor-widget-image-box.elementor-vertical-align-middle .elementor-image-box-wrapper{align-items:center}.elementor-widget-image-box.elementor-vertical-align-bottom .elementor-image-box-wrapper{align-items:flex-end}}@media (max-width:767px){.elementor-widget-image-box .elementor-image-box-img{margin-left:auto!important;margin-right:auto!important;margin-bottom:15px}}.elementor-widget-image-box .elementor-image-box-img{display:inline-block}.elementor-widget-image-box .elementor-image-box-title a{color:inherit}.elementor-widget-image-box .elementor-image-box-wrapper{text-align:center}.elementor-widget-image-box .elementor-image-box-description{margin:0}<\/style><div class=\"elementor-image-box-wrapper\"><div class=\"elementor-image-box-content\"><h3 class=\"elementor-image-box-title\">Legowisko Ponton<\/h3><\/div><\/div>\t\t<\/div>\n\t\t\t\t<\/div>\n\t\t\t\t<div class=\"elementor-element elementor-element-7940fd2 elementor-widget elementor-widget-html\" data-id=\"7940fd2\" data-element_type=\"widget\" data-widget_type=\"html.default\">\n\t\t\t\t<div class=\"elementor-widget-container\">\n\t\t\t<table style=\"text-align: center;border-collapse: collapse;\">\r\n \r\n\t\t\t\t<tr style=\"background-color: #EE6C4E;color: white;\">\r\n\t\t\t\t\t<th>Wersja<\/th>\r\n\t\t\t\t\t<th>D\u0142ugo\u015b\u0107<\/th>\r\n\t\t\t\t\t<th>Szeroko\u015b\u0107<\/th>\r\n\t\t\t\t\t<th>Wysoko\u015b\u0107<\/th>\r\n\t\t\t\t\t\r\n\t\t\t\t<\/tr>\r\n\t\t\t\t<tr>\r\n\t\t\t\t\t<td>1<\/td>\r\n\t\t\t\t\t<td>85 cm<\/td>\r\n\t\t\t\t<td>55 cm<\/td>\r\n\t\t\t\t<td>15 cm<\/td>\r\n\t\t\t\t\r\n\t\t\t\t<\/tr>\r\n\t\t\t\t<tr style=\"background-color: #f2f2f2;\">\r\n\t\t\t\t\t<td>2<\/td>\r\n\t\t\t\t\t<td>97 cm<\/td>\r\n\t\t\t\t\t<td>72 cm<\/td>\r\n\t\t\t\t\t<td>15 cm<\/td>\r\n\t\t\t\t\t\r\n\t\t\t\t\t\r\n\t\t\t\t<\/tr>\r\n\t\t\t\t<tr>\r\n\t\t\t\t\t<td>3<\/td>\r\n\t\t\t\t\t<td>110 cm<\/td>\r\n\t\t\t\t\t<td>85 cm<\/td>\r\n\t\t\t\t\t<td>15 cm<\/td>\r\n\t\t\t\t\t\r\n\t\t\t\t<\/tr>\r\n\t\r\n\t\t\t\t<tr style=\"background-color: #f2f2f2;\">\r\n\t\t\t\t\t<td>4<\/td>\r\n\t\t\t\t\t<td>120 cm<\/td>\r\n\t\t\t\t<td>100 cm<\/td>\r\n\t\t\t\t<td>15 cm<\/td>\r\n\t\t\t\t\r\n\t\t\t\t<\/tr>\r\n\t\t\t\t\r\n\t\t\t\t<tr>\r\n\t\t\t\t\t<td>5<\/td>\r\n\t\t\t\t\t<td>130 cm<\/td>\r\n\t\t\t\t<td>110 cm<\/td>\r\n\t\t\t\t<td>15 cm<\/td>\r\n\t\t\t\t\r\n\t\t\t\t<\/tr>\r\n\t\t\t\t\r\n\t\t\t\t\r\n\t\t\t\t<\/table>\t\t<\/div>\n\t\t\t\t<\/div>\n\t\t\t\t\t<\/div>\n\t\t<\/div>\n\t\t\t\t\t\t\t<\/div>\n\t\t<\/section>\n\t\t\t\t\t\t\t<\/div>\n\t\t","protected":false},"excerpt":{"rendered":"<p>Wstecz Legowisko Ponton Wersja D\u0142ugo\u015b\u0107 Szeroko\u015b\u0107 Wysoko\u015b\u0107 1 85 cm 55 cm 15 cm 2 97 cm 72 cm 15 cm 3 110 cm 85 cm 15 cm 4 120 cm 100 cm 15 cm 5 130 cm 110 cm 15 cm<\/p>\n","protected":false},"author":1,"featured_media":0,"parent":0,"menu_order":0,"comment_status":"closed","ping_status":"closed","template":"","meta":{"site-sidebar-layout":"no-sidebar","site-content-layout":"page-builder","ast-global-header-display":"","ast-banner-title-visibility":"","ast-main-header-display":"","ast-hfb-above-header-display":"","ast-hfb-below-header-display":"","ast-hfb-mobile-header-display":"","site-post-title":"disabled","ast-breadcrumbs-content":"","ast-featured-img":"disabled","footer-sml-layout":"","theme-transparent-header-meta":"","adv-header-id-meta":"","stick-header-meta":"","header-above-stick-meta":"","header-main-stick-meta":"","header-below-stick-meta":"","footnotes":""},"class_list":["post-862","page","type-page","status-publish","hentry"],"_links":{"self":[{"href":"https:\/\/legowiskakoral.pl\/index.php\/wp-json\/wp\/v2\/pages\/862","targetHints":{"allow":["GET"]}}],"collection":[{"href":"https:\/\/legowiskakoral.pl\/index.php\/wp-json\/wp\/v2\/pages"}],"about":[{"href":"https:\/\/legowiskakoral.pl\/index.php\/wp-json\/wp\/v2\/types\/page"}],"author":[{"embeddable":true,"href":"https:\/\/legowiskakoral.pl\/index.php\/wp-json\/wp\/v2\/users\/1"}],"replies":[{"embeddable":true,"href":"https:\/\/legowiskakoral.pl\/index.php\/wp-json\/wp\/v2\/comments?post=862"}],"version-history":[{"count":10,"href":"https:\/\/legowiskakoral.pl\/index.php\/wp-json\/wp\/v2\/pages\/862\/revisions"}],"predecessor-version":[{"id":958,"href":"https:\/\/legowiskakoral.pl\/index.php\/wp-json\/wp\/v2\/pages\/862\/revisions\/958"}],"wp:attachment":[{"href":"https:\/\/legowiskakoral.pl\/index.php\/wp-json\/wp\/v2\/media?parent=862"}],"curies":[{"name":"wp","href":"https:\/\/api.w.org\/{rel}","templated":true}]}}