{"id":856,"date":"2023-07-29T18:12:38","date_gmt":"2023-07-29T16:12:38","guid":{"rendered":"https:\/\/legowiskakoral.pl\/?page_id=856"},"modified":"2024-01-07T12:09:58","modified_gmt":"2024-01-07T11:09:58","slug":"buda-dla-kota","status":"publish","type":"page","link":"https:\/\/legowiskakoral.pl\/index.php\/buda-dla-kota\/","title":{"rendered":"Buda Dla Kota"},"content":{"rendered":"\t\t<div data-elementor-type=\"wp-page\" data-elementor-id=\"856\" class=\"elementor elementor-856\">\n\t\t\t\t\t\t\t\t\t<section class=\"elementor-section elementor-top-section elementor-element elementor-element-44571f0 elementor-section-boxed elementor-section-height-default elementor-section-height-default\" data-id=\"44571f0\" data-element_type=\"section\">\n\t\t\t\t\t\t<div class=\"elementor-container elementor-column-gap-default\">\n\t\t\t\t\t<div class=\"elementor-column elementor-col-100 elementor-top-column elementor-element elementor-element-4e0ce00\" data-id=\"4e0ce00\" data-element_type=\"column\">\n\t\t\t<div class=\"elementor-widget-wrap elementor-element-populated\">\n\t\t\t\t\t\t\t\t<div class=\"elementor-element elementor-element-8daaf70 elementor-align-left elementor-widget elementor-widget-button\" data-id=\"8daaf70\" data-element_type=\"widget\" data-widget_type=\"button.default\">\n\t\t\t\t<div class=\"elementor-widget-container\">\n\t\t\t\t\t<div class=\"elementor-button-wrapper\">\n\t\t\t<a class=\"elementor-button elementor-button-link elementor-size-sm elementor-animation-grow\" href=\"https:\/\/legowiskakoral.pl\/index.php\/oferta\/\">\n\t\t\t\t\t\t<span class=\"elementor-button-content-wrapper\">\n\t\t\t\t\t\t<span class=\"elementor-button-icon elementor-align-icon-left\">\n\t\t\t\t<i aria-hidden=\"true\" class=\"fas fa-angle-left\"><\/i>\t\t\t<\/span>\n\t\t\t\t\t\t<span class=\"elementor-button-text\">Wstecz<\/span>\n\t\t<\/span>\n\t\t\t\t\t<\/a>\n\t\t<\/div>\n\t\t\t\t<\/div>\n\t\t\t\t<\/div>\n\t\t\t\t\t<\/div>\n\t\t<\/div>\n\t\t\t\t\t\t\t<\/div>\n\t\t<\/section>\n\t\t\t\t<section class=\"elementor-section elementor-top-section elementor-element elementor-element-c7950f7 elementor-section-boxed elementor-section-height-default elementor-section-height-default\" data-id=\"c7950f7\" data-element_type=\"section\">\n\t\t\t\t\t\t<div class=\"elementor-container elementor-column-gap-default\">\n\t\t\t\t\t<div class=\"elementor-column elementor-col-100 elementor-top-column elementor-element elementor-element-de650ba\" data-id=\"de650ba\" data-element_type=\"column\">\n\t\t\t<div class=\"elementor-widget-wrap elementor-element-populated\">\n\t\t\t\t\t\t\t\t<div class=\"elementor-element elementor-element-87eb4b3 e-transform elementor-widget elementor-widget-image\" data-id=\"87eb4b3\" data-element_type=\"widget\" data-settings=\"{&quot;_transform_rotateZ_effect_hover&quot;:{&quot;unit&quot;:&quot;px&quot;,&quot;size&quot;:&quot;&quot;,&quot;sizes&quot;:[]},&quot;_transform_rotateZ_effect_hover_tablet&quot;:{&quot;unit&quot;:&quot;deg&quot;,&quot;size&quot;:&quot;&quot;,&quot;sizes&quot;:[]},&quot;_transform_rotateZ_effect_hover_mobile&quot;:{&quot;unit&quot;:&quot;deg&quot;,&quot;size&quot;:&quot;&quot;,&quot;sizes&quot;:[]}}\" data-widget_type=\"image.default\">\n\t\t\t\t<div class=\"elementor-widget-container\">\n\t\t\t<style>\/*! elementor - v3.18.0 - 20-12-2023 *\/\n.elementor-widget-image{text-align:center}.elementor-widget-image a{display:inline-block}.elementor-widget-image a img[src$=\".svg\"]{width:48px}.elementor-widget-image img{vertical-align:middle;display:inline-block}<\/style>\t\t\t\t\t\t\t\t\t<figure class=\"wp-caption\">\n\t\t\t\t\t\t\t\t\t\t\t<a href=\"https:\/\/legowiskakoral.pl\/wp-content\/uploads\/2023\/07\/legowisko-2.png\" data-elementor-open-lightbox=\"yes\" data-elementor-lightbox-title=\"Buda Dla Kota\" data-e-action-hash=\"#elementor-action%3Aaction%3Dlightbox%26settings%3DeyJpZCI6Nzg0LCJ1cmwiOiJodHRwczpcL1wvbGVnb3dpc2tha29yYWwucGxcL3dwLWNvbnRlbnRcL3VwbG9hZHNcLzIwMjNcLzA3XC9sZWdvd2lza28tMi5wbmcifQ%3D%3D\">\n\t\t\t\t\t\t\t<img fetchpriority=\"high\" decoding=\"async\" width=\"491\" height=\"508\" src=\"https:\/\/legowiskakoral.pl\/wp-content\/uploads\/2023\/07\/legowisko-2.png\" class=\"elementor-animation-wobble-vertical attachment-large size-large wp-image-784\" alt=\"Buda Dla Kota\" srcset=\"https:\/\/legowiskakoral.pl\/wp-content\/uploads\/2023\/07\/legowisko-2.png 491w, https:\/\/legowiskakoral.pl\/wp-content\/uploads\/2023\/07\/legowisko-2-290x300.png 290w\" sizes=\"(max-width: 491px) 100vw, 491px\" \/>\t\t\t\t\t\t\t\t<\/a>\n\t\t\t\t\t\t\t\t\t\t\t<figcaption class=\"widget-image-caption wp-caption-text\"><\/figcaption>\n\t\t\t\t\t\t\t\t\t\t<\/figure>\n\t\t\t\t\t\t\t\t\t<\/div>\n\t\t\t\t<\/div>\n\t\t\t\t<div class=\"elementor-element elementor-element-02fac8b elementor-widget elementor-widget-image-box\" data-id=\"02fac8b\" data-element_type=\"widget\" data-widget_type=\"image-box.default\">\n\t\t\t\t<div class=\"elementor-widget-container\">\n\t\t\t<style>\/*! elementor - v3.18.0 - 20-12-2023 *\/\n.elementor-widget-image-box .elementor-image-box-content{width:100%}@media (min-width:768px){.elementor-widget-image-box.elementor-position-left .elementor-image-box-wrapper,.elementor-widget-image-box.elementor-position-right .elementor-image-box-wrapper{display:flex}.elementor-widget-image-box.elementor-position-right .elementor-image-box-wrapper{text-align:right;flex-direction:row-reverse}.elementor-widget-image-box.elementor-position-left .elementor-image-box-wrapper{text-align:left;flex-direction:row}.elementor-widget-image-box.elementor-position-top .elementor-image-box-img{margin:auto}.elementor-widget-image-box.elementor-vertical-align-top .elementor-image-box-wrapper{align-items:flex-start}.elementor-widget-image-box.elementor-vertical-align-middle .elementor-image-box-wrapper{align-items:center}.elementor-widget-image-box.elementor-vertical-align-bottom .elementor-image-box-wrapper{align-items:flex-end}}@media (max-width:767px){.elementor-widget-image-box .elementor-image-box-img{margin-left:auto!important;margin-right:auto!important;margin-bottom:15px}}.elementor-widget-image-box .elementor-image-box-img{display:inline-block}.elementor-widget-image-box .elementor-image-box-title a{color:inherit}.elementor-widget-image-box .elementor-image-box-wrapper{text-align:center}.elementor-widget-image-box .elementor-image-box-description{margin:0}<\/style><div class=\"elementor-image-box-wrapper\"><div class=\"elementor-image-box-content\"><h3 class=\"elementor-image-box-title\">Legowisko Buda dla kota<\/h3><\/div><\/div>\t\t<\/div>\n\t\t\t\t<\/div>\n\t\t\t\t<div class=\"elementor-element elementor-element-28737f5 elementor-widget elementor-widget-html\" data-id=\"28737f5\" data-element_type=\"widget\" data-widget_type=\"html.default\">\n\t\t\t\t<div class=\"elementor-widget-container\">\n\t\t\t<table style=\"text-align: center;border-collapse: collapse;\">\r\n \r\n\t\t\t\t<tr style=\"background-color: #EE6C4E;color: white;\">\r\n\t\t\t\t\t<th>Wersja<\/th>\r\n\t\t\t\t\t<th>D\u0142ugo\u015b\u0107<\/th>\r\n\t\t\t\t\t<th>Szeroko\u015b\u0107<\/th>\r\n\t\t\t\t\t<th>Wysoko\u015b\u0107<\/th>\r\n\t\t\t\t\t\r\n\t\t\t\t<\/tr>\r\n\t\t\t\t<tr>\r\n\t\t\t\t\t<td>1<\/td>\r\n\t\t\t\t\t<td>38 cm<\/td>\r\n\t\t\t\t<td>40 cm<\/td>\r\n\t\t\t\t<td>26 cm<\/td>\r\n\t\t\t\t\r\n\t\t\t\t<\/tr>\r\n\t\t\t\t<tr style=\"background-color: #f2f2f2;\">\r\n\t\t\t\t\t<td>2<\/td>\r\n\t\t\t\t\t<td>46 cm<\/td>\r\n\t\t\t\t\t<td>47 cm<\/td>\r\n\t\t\t\t\t<td>30 cm<\/td>\r\n\t\t\t\t\t\r\n\t\t\t\t\t\r\n\t\t\t\t<\/tr>\r\n\t\t\t\t<tr>\r\n\t\t\t\t\t<td>3<\/td>\r\n\t\t\t\t\t<td>49 cm<\/td>\r\n\t\t\t\t\t<td>57 cm<\/td>\r\n\t\t\t\t\t<td>30 cm<\/td>\r\n\t\t\t\t\t\r\n\t\t\t\t<\/tr>\r\n\t\t\t\t\r\n\t            <tr style=\"background-color: #f2f2f2;\">\r\n\t\t\t\t\t<td>4<\/td>\r\n\t\t\t\t\t<td>54 cm<\/td>\r\n\t\t\t\t<td>65 cm<\/td>\r\n\t\t\t\t<td>41 cm<\/td>\r\n\t\t\t\t\r\n\t\t\t\t<\/tr>\r\n\t\t\t\t\r\n\t\t\t\t\r\n\t\t\t\t\r\n\t\t\t\t<\/table>\t\t<\/div>\n\t\t\t\t<\/div>\n\t\t\t\t\t<\/div>\n\t\t<\/div>\n\t\t\t\t\t\t\t<\/div>\n\t\t<\/section>\n\t\t\t\t\t\t\t<\/div>\n\t\t","protected":false},"excerpt":{"rendered":"<p>Wstecz Legowisko Buda dla kota Wersja D\u0142ugo\u015b\u0107 Szeroko\u015b\u0107 Wysoko\u015b\u0107 1 38 cm 40 cm 26 cm 2 46 cm 47 cm 30 cm 3 49 cm 57 cm 30 cm 4 54 cm 65 cm 41 cm<\/p>\n","protected":false},"author":1,"featured_media":0,"parent":0,"menu_order":0,"comment_status":"closed","ping_status":"closed","template":"","meta":{"site-sidebar-layout":"no-sidebar","site-content-layout":"page-builder","ast-global-header-display":"","ast-banner-title-visibility":"","ast-main-header-display":"","ast-hfb-above-header-display":"","ast-hfb-below-header-display":"","ast-hfb-mobile-header-display":"","site-post-title":"disabled","ast-breadcrumbs-content":"","ast-featured-img":"disabled","footer-sml-layout":"","theme-transparent-header-meta":"","adv-header-id-meta":"","stick-header-meta":"","header-above-stick-meta":"","header-main-stick-meta":"","header-below-stick-meta":"","footnotes":""},"class_list":["post-856","page","type-page","status-publish","hentry"],"_links":{"self":[{"href":"https:\/\/legowiskakoral.pl\/index.php\/wp-json\/wp\/v2\/pages\/856","targetHints":{"allow":["GET"]}}],"collection":[{"href":"https:\/\/legowiskakoral.pl\/index.php\/wp-json\/wp\/v2\/pages"}],"about":[{"href":"https:\/\/legowiskakoral.pl\/index.php\/wp-json\/wp\/v2\/types\/page"}],"author":[{"embeddable":true,"href":"https:\/\/legowiskakoral.pl\/index.php\/wp-json\/wp\/v2\/users\/1"}],"replies":[{"embeddable":true,"href":"https:\/\/legowiskakoral.pl\/index.php\/wp-json\/wp\/v2\/comments?post=856"}],"version-history":[{"count":14,"href":"https:\/\/legowiskakoral.pl\/index.php\/wp-json\/wp\/v2\/pages\/856\/revisions"}],"predecessor-version":[{"id":1024,"href":"https:\/\/legowiskakoral.pl\/index.php\/wp-json\/wp\/v2\/pages\/856\/revisions\/1024"}],"wp:attachment":[{"href":"https:\/\/legowiskakoral.pl\/index.php\/wp-json\/wp\/v2\/media?parent=856"}],"curies":[{"name":"wp","href":"https:\/\/api.w.org\/{rel}","templated":true}]}}