{"id":1036,"date":"2024-02-06T21:48:02","date_gmt":"2024-02-06T20:48:02","guid":{"rendered":"https:\/\/legowiskakoral.pl\/?page_id=1036"},"modified":"2024-04-22T19:43:02","modified_gmt":"2024-04-22T17:43:02","slug":"z-futerkiem","status":"publish","type":"page","link":"https:\/\/legowiskakoral.pl\/index.php\/z-futerkiem\/","title":{"rendered":"Legowisko z futerkiem"},"content":{"rendered":"\t\t<div data-elementor-type=\"wp-page\" data-elementor-id=\"1036\" class=\"elementor elementor-1036\">\n\t\t\t\t\t\t\t\t\t<section class=\"elementor-section elementor-top-section elementor-element elementor-element-4baa68e elementor-section-boxed elementor-section-height-default elementor-section-height-default\" data-id=\"4baa68e\" data-element_type=\"section\">\n\t\t\t\t\t\t<div class=\"elementor-container elementor-column-gap-default\">\n\t\t\t\t\t<div class=\"elementor-column elementor-col-100 elementor-top-column elementor-element elementor-element-7486d9d\" data-id=\"7486d9d\" data-element_type=\"column\">\n\t\t\t<div class=\"elementor-widget-wrap elementor-element-populated\">\n\t\t\t\t\t\t\t\t<div class=\"elementor-element elementor-element-31d0229 elementor-align-left elementor-widget elementor-widget-button\" data-id=\"31d0229\" data-element_type=\"widget\" data-widget_type=\"button.default\">\n\t\t\t\t<div class=\"elementor-widget-container\">\n\t\t\t\t\t<div class=\"elementor-button-wrapper\">\n\t\t\t<a class=\"elementor-button elementor-button-link elementor-size-sm elementor-animation-grow\" href=\"https:\/\/legowiskakoral.pl\/index.php\/oferta\/\">\n\t\t\t\t\t\t<span class=\"elementor-button-content-wrapper\">\n\t\t\t\t\t\t<span class=\"elementor-button-icon elementor-align-icon-left\">\n\t\t\t\t<i aria-hidden=\"true\" class=\"fas fa-angle-left\"><\/i>\t\t\t<\/span>\n\t\t\t\t\t\t<span class=\"elementor-button-text\">Wstecz<\/span>\n\t\t<\/span>\n\t\t\t\t\t<\/a>\n\t\t<\/div>\n\t\t\t\t<\/div>\n\t\t\t\t<\/div>\n\t\t\t\t\t<\/div>\n\t\t<\/div>\n\t\t\t\t\t\t\t<\/div>\n\t\t<\/section>\n\t\t\t\t<section class=\"elementor-section elementor-top-section elementor-element elementor-element-71178d9 elementor-section-boxed elementor-section-height-default elementor-section-height-default\" data-id=\"71178d9\" data-element_type=\"section\">\n\t\t\t\t\t\t<div class=\"elementor-container elementor-column-gap-default\">\n\t\t\t\t\t<div class=\"elementor-column elementor-col-100 elementor-top-column elementor-element elementor-element-c365c99\" data-id=\"c365c99\" data-element_type=\"column\">\n\t\t\t<div class=\"elementor-widget-wrap elementor-element-populated\">\n\t\t\t\t\t\t\t\t<div class=\"elementor-element elementor-element-f959189 elementor-widget elementor-widget-image\" data-id=\"f959189\" data-element_type=\"widget\" data-widget_type=\"image.default\">\n\t\t\t\t<div class=\"elementor-widget-container\">\n\t\t\t<style>\/*! elementor - v3.18.0 - 20-12-2023 *\/\n.elementor-widget-image{text-align:center}.elementor-widget-image a{display:inline-block}.elementor-widget-image a img[src$=\".svg\"]{width:48px}.elementor-widget-image img{vertical-align:middle;display:inline-block}<\/style>\t\t\t\t\t\t\t\t\t<figure class=\"wp-caption\">\n\t\t\t\t\t\t\t\t\t\t\t<a href=\"https:\/\/legowiskakoral.pl\/wp-content\/uploads\/2024\/02\/legowisko-miniatura-12.png\" data-elementor-open-lightbox=\"yes\" data-elementor-lightbox-title=\"Legowisko z futerkiem\" data-e-action-hash=\"#elementor-action%3Aaction%3Dlightbox%26settings%3DeyJpZCI6MTAzMiwidXJsIjoiaHR0cHM6XC9cL2xlZ293aXNrYWtvcmFsLnBsXC93cC1jb250ZW50XC91cGxvYWRzXC8yMDI0XC8wMlwvbGVnb3dpc2tvLW1pbmlhdHVyYS0xMi5wbmcifQ%3D%3D\">\n\t\t\t\t\t\t\t<img fetchpriority=\"high\" decoding=\"async\" width=\"534\" height=\"467\" src=\"https:\/\/legowiskakoral.pl\/wp-content\/uploads\/2024\/02\/legowisko-miniatura-12.png\" class=\"elementor-animation-wobble-vertical attachment-large size-large wp-image-1032\" alt=\"Legowisko z futerkiem\" srcset=\"https:\/\/legowiskakoral.pl\/wp-content\/uploads\/2024\/02\/legowisko-miniatura-12.png 534w, https:\/\/legowiskakoral.pl\/wp-content\/uploads\/2024\/02\/legowisko-miniatura-12-300x262.png 300w\" sizes=\"(max-width: 534px) 100vw, 534px\" \/>\t\t\t\t\t\t\t\t<\/a>\n\t\t\t\t\t\t\t\t\t\t\t<figcaption class=\"widget-image-caption wp-caption-text\"><\/figcaption>\n\t\t\t\t\t\t\t\t\t\t<\/figure>\n\t\t\t\t\t\t\t\t\t<\/div>\n\t\t\t\t<\/div>\n\t\t\t\t<div class=\"elementor-element elementor-element-fa0b4b8 elementor-widget elementor-widget-image-box\" data-id=\"fa0b4b8\" data-element_type=\"widget\" data-widget_type=\"image-box.default\">\n\t\t\t\t<div class=\"elementor-widget-container\">\n\t\t\t<style>\/*! elementor - v3.18.0 - 20-12-2023 *\/\n.elementor-widget-image-box .elementor-image-box-content{width:100%}@media (min-width:768px){.elementor-widget-image-box.elementor-position-left .elementor-image-box-wrapper,.elementor-widget-image-box.elementor-position-right .elementor-image-box-wrapper{display:flex}.elementor-widget-image-box.elementor-position-right .elementor-image-box-wrapper{text-align:right;flex-direction:row-reverse}.elementor-widget-image-box.elementor-position-left .elementor-image-box-wrapper{text-align:left;flex-direction:row}.elementor-widget-image-box.elementor-position-top .elementor-image-box-img{margin:auto}.elementor-widget-image-box.elementor-vertical-align-top .elementor-image-box-wrapper{align-items:flex-start}.elementor-widget-image-box.elementor-vertical-align-middle .elementor-image-box-wrapper{align-items:center}.elementor-widget-image-box.elementor-vertical-align-bottom .elementor-image-box-wrapper{align-items:flex-end}}@media (max-width:767px){.elementor-widget-image-box .elementor-image-box-img{margin-left:auto!important;margin-right:auto!important;margin-bottom:15px}}.elementor-widget-image-box .elementor-image-box-img{display:inline-block}.elementor-widget-image-box .elementor-image-box-title a{color:inherit}.elementor-widget-image-box .elementor-image-box-wrapper{text-align:center}.elementor-widget-image-box .elementor-image-box-description{margin:0}<\/style><div class=\"elementor-image-box-wrapper\"><div class=\"elementor-image-box-content\"><h3 class=\"elementor-image-box-title\">Legowisko z futerkiem<\/h3><\/div><\/div>\t\t<\/div>\n\t\t\t\t<\/div>\n\t\t\t\t<div class=\"elementor-element elementor-element-d13759a elementor-widget elementor-widget-html\" data-id=\"d13759a\" data-element_type=\"widget\" data-widget_type=\"html.default\">\n\t\t\t\t<div class=\"elementor-widget-container\">\n\t\t\t<table style=\"text-align: center;border-collapse: collapse;\">\r\n \r\n\t\t\t\t<tr style=\"background-color: #EE6C4E;color: white;\">\r\n\t\t\t\t\t<th>Wersja<\/th>\r\n\t\t\t\t\t<th>D\u0142ugo\u015b\u0107<\/th>\r\n\t\t\t\t\t<th>Szeroko\u015b\u0107<\/th>\r\n\t\t\t\t\t<th>Wysoko\u015b\u0107<\/th>\r\n\t\t\t\t\t\r\n\t\t\t\t<\/tr>\r\n\t\t\t\t<tr>\r\n\t\t\t\t\t<td>1<\/td>\r\n\t\t\t\t\t<td>28 cm<\/td>\r\n\t\t\t\t<td>43 cm<\/td>\r\n\t\t\t\t<td>13 cm<\/td>\r\n\t\t\t\t\r\n\t\t\t\t<\/tr>\r\n\t\t\t\t<tr style=\"background-color: #f2f2f2;\">\r\n\t\t\t\t\t<td>2<\/td>\r\n\t\t\t\t\t<td>34 cm<\/td>\r\n\t\t\t\t\t<td>48 cm<\/td>\r\n\t\t\t\t\t<td>14 cm<\/td>\r\n\t\t\t\t\t\r\n\t\t\t\t\t\r\n\t\t\t\t<\/tr>\r\n\t\t\t\t<tr>\r\n\t\t\t\t\t<td>3<\/td>\r\n\t\t\t\t\t<td>39 cm<\/td>\r\n\t\t\t\t\t<td>53 cm<\/td>\r\n\t\t\t\t\t<td>15 cm<\/td>\r\n\t\t\t\t\t\r\n\t\t\t\t<\/tr>\r\n\t\r\n\t\t\t\t<tr style=\"background-color: #f2f2f2;\">\r\n\t\t\t\t\t<td>4<\/td>\r\n\t\t\t\t\t<td>43 cm<\/td>\r\n\t\t\t\t<td>59 cm<\/td>\r\n\t\t\t\t<td>16 cm<\/td>\r\n\t\t\t\t\r\n\t\t\t\t<\/tr>\r\n\t\t\t\t\r\n\t\t\t\t<tr>\r\n\t\t\t\t\t<td>5<\/td>\r\n\t\t\t\t\t<td>48 cm<\/td>\r\n\t\t\t\t<td>64 cm<\/td>\r\n\t\t\t\t<td>17 cm<\/td>\r\n\t\t\t\t\r\n\t\t\t\t<\/tr>\r\n\t\t\t\t\r\n\t\t\t\t<tr style=\"background-color: #f2f2f2;\">\r\n\t\t\t\t\t<td>6<\/td>\r\n\t\t\t\t\t<td>55 cm<\/td>\r\n\t\t\t\t<td>70 cm<\/td>\r\n\t\t\t\t<td>17 cm<\/td>\r\n\t\t\t\t\r\n\t\t\t\t<\/tr>\r\n\t\t\t\t\r\n\r\n\t\t\t\t<\/table>\t\t<\/div>\n\t\t\t\t<\/div>\n\t\t\t\t\t<\/div>\n\t\t<\/div>\n\t\t\t\t\t\t\t<\/div>\n\t\t<\/section>\n\t\t\t\t\t\t\t<\/div>\n\t\t","protected":false},"excerpt":{"rendered":"<p>Wstecz Legowisko z futerkiem Wersja D\u0142ugo\u015b\u0107 Szeroko\u015b\u0107 Wysoko\u015b\u0107 1 28 cm 43 cm 13 cm 2 34 cm 48 cm 14 cm 3 39 cm 53 cm 15 cm 4 43 cm 59 cm 16 cm 5 48 cm 64 cm 17 cm 6 55 cm 70 cm 17 cm<\/p>\n","protected":false},"author":1,"featured_media":0,"parent":0,"menu_order":0,"comment_status":"closed","ping_status":"closed","template":"","meta":{"site-sidebar-layout":"no-sidebar","site-content-layout":"page-builder","ast-global-header-display":"","ast-banner-title-visibility":"","ast-main-header-display":"","ast-hfb-above-header-display":"","ast-hfb-below-header-display":"","ast-hfb-mobile-header-display":"","site-post-title":"disabled","ast-breadcrumbs-content":"","ast-featured-img":"disabled","footer-sml-layout":"","theme-transparent-header-meta":"","adv-header-id-meta":"","stick-header-meta":"","header-above-stick-meta":"","header-main-stick-meta":"","header-below-stick-meta":"","footnotes":""},"class_list":["post-1036","page","type-page","status-publish","hentry"],"_links":{"self":[{"href":"https:\/\/legowiskakoral.pl\/index.php\/wp-json\/wp\/v2\/pages\/1036","targetHints":{"allow":["GET"]}}],"collection":[{"href":"https:\/\/legowiskakoral.pl\/index.php\/wp-json\/wp\/v2\/pages"}],"about":[{"href":"https:\/\/legowiskakoral.pl\/index.php\/wp-json\/wp\/v2\/types\/page"}],"author":[{"embeddable":true,"href":"https:\/\/legowiskakoral.pl\/index.php\/wp-json\/wp\/v2\/users\/1"}],"replies":[{"embeddable":true,"href":"https:\/\/legowiskakoral.pl\/index.php\/wp-json\/wp\/v2\/comments?post=1036"}],"version-history":[{"count":11,"href":"https:\/\/legowiskakoral.pl\/index.php\/wp-json\/wp\/v2\/pages\/1036\/revisions"}],"predecessor-version":[{"id":1055,"href":"https:\/\/legowiskakoral.pl\/index.php\/wp-json\/wp\/v2\/pages\/1036\/revisions\/1055"}],"wp:attachment":[{"href":"https:\/\/legowiskakoral.pl\/index.php\/wp-json\/wp\/v2\/media?parent=1036"}],"curies":[{"name":"wp","href":"https:\/\/api.w.org\/{rel}","templated":true}]}}